{"id":48,"date":"2024-05-30T19:26:30","date_gmt":"2024-05-30T22:26:30","guid":{"rendered":"https:\/\/ayssocorp.com\/?page_id=48"},"modified":"2024-10-15T09:56:57","modified_gmt":"2024-10-15T12:56:57","slug":"home","status":"publish","type":"page","link":"https:\/\/ayssocorp.com\/","title":{"rendered":"Home"},"content":{"rendered":"\t\t<div data-elementor-type=\"wp-page\" data-elementor-id=\"48\" class=\"elementor elementor-48\" data-elementor-post-type=\"page\">\n\t\t\t\t<div class=\"elementor-element elementor-element-400e887 e-flex e-con-boxed e-con e-parent\" data-id=\"400e887\" data-element_type=\"container\" data-settings=\"{&quot;background_background&quot;:&quot;classic&quot;}\">\n\t\t\t\t\t<div class=\"e-con-inner\">\n\t\t\t\t<div class=\"elementor-element elementor-element-ec2bcfc elementor-widget elementor-widget-heading\" data-id=\"ec2bcfc\" data-element_type=\"widget\" data-widget_type=\"heading.default\">\n\t\t\t\t<div class=\"elementor-widget-container\">\n\t\t\t\t\t<h2 class=\"elementor-heading-title elementor-size-default\">Entretenimento que<br>\n<b>transforma<\/b> o mundo<\/h2>\t\t\t\t<\/div>\n\t\t\t\t<\/div>\n\t\t\t\t\t<\/div>\n\t\t\t\t<\/div>\n\t\t<div class=\"elementor-element elementor-element-02829fe e-con-full e-flex e-con e-parent\" data-id=\"02829fe\" data-element_type=\"container\" data-settings=\"{&quot;background_background&quot;:&quot;classic&quot;}\">\n\t\t<div class=\"elementor-element elementor-element-db60539 e-grid e-con-full e-con e-child\" data-id=\"db60539\" data-element_type=\"container\" data-settings=\"{&quot;background_background&quot;:&quot;classic&quot;}\">\n\t\t\t\t<div class=\"elementor-element elementor-element-1330bc1 elementor-widget elementor-widget-spacer\" data-id=\"1330bc1\" data-element_type=\"widget\" data-widget_type=\"spacer.default\">\n\t\t\t\t<div class=\"elementor-widget-container\">\n\t\t\t\t\t\t\t<div class=\"elementor-spacer\">\n\t\t\t<div class=\"elementor-spacer-inner\"><\/div>\n\t\t<\/div>\n\t\t\t\t\t\t<\/div>\n\t\t\t\t<\/div>\n\t\t\t\t<div class=\"elementor-element elementor-element-1888055 elementor-widget elementor-widget-image-box\" data-id=\"1888055\" data-element_type=\"widget\" data-widget_type=\"image-box.default\">\n\t\t\t\t<div class=\"elementor-widget-container\">\n\t\t\t\t\t<div class=\"elementor-image-box-wrapper\"><div class=\"elementor-image-box-content\"><h3 class=\"elementor-image-box-title\">Nossa For\u00e7a<\/h3><p class=\"elementor-image-box-description\">Na Aysso, pensamos o entretenimento como uma for\u00e7a criadora de novas realidades. \n<br><br>Para n\u00f3s, a puls\u00e3o criativa das hist\u00f3rias tem o potencial de moldar o futuro, conectando-nos com o mundo, com os outros e com nossa pr\u00f3pria humanidade.\n<\/p><\/div><\/div>\t\t\t\t<\/div>\n\t\t\t\t<\/div>\n\t\t\t\t<\/div>\n\t\t\t\t<\/div>\n\t\t<div class=\"elementor-element elementor-element-3d10a14 e-con-full e-flex e-con e-parent\" data-id=\"3d10a14\" data-element_type=\"container\" data-settings=\"{&quot;background_background&quot;:&quot;classic&quot;}\">\n\t\t<div class=\"elementor-element elementor-element-7a3372a e-grid e-con-full e-con e-child\" data-id=\"7a3372a\" data-element_type=\"container\" data-settings=\"{&quot;background_background&quot;:&quot;classic&quot;}\">\n\t\t\t\t<div class=\"elementor-element elementor-element-0990f8c elementor-hidden-mobile elementor-widget elementor-widget-image-box\" data-id=\"0990f8c\" data-element_type=\"widget\" data-widget_type=\"image-box.default\">\n\t\t\t\t<div class=\"elementor-widget-container\">\n\t\t\t\t\t<div class=\"elementor-image-box-wrapper\"><div class=\"elementor-image-box-content\"><h3 class=\"elementor-image-box-title\">Nosso Estilo<\/h3><p class=\"elementor-image-box-description\">Buscamos narrativas vibrantes que satisfa\u00e7am audi\u00eancias globais com filmes, s\u00e9ries, podcasts e outros projetos audiovisuais de excel\u00eancia e car\u00e1ter universal. \n<br><br>\nPrezamos por uma gest\u00e3o enxuta e eficiente dos recursos, potencializando o retorno financeiro de cada projeto. \n<\/p><\/div><\/div>\t\t\t\t<\/div>\n\t\t\t\t<\/div>\n\t\t\t\t<div class=\"elementor-element elementor-element-47c4ffe elementor-widget elementor-widget-spacer\" data-id=\"47c4ffe\" data-element_type=\"widget\" data-widget_type=\"spacer.default\">\n\t\t\t\t<div class=\"elementor-widget-container\">\n\t\t\t\t\t\t\t<div class=\"elementor-spacer\">\n\t\t\t<div class=\"elementor-spacer-inner\"><\/div>\n\t\t<\/div>\n\t\t\t\t\t\t<\/div>\n\t\t\t\t<\/div>\n\t\t\t\t<div class=\"elementor-element elementor-element-a53aa93 elementor-hidden-widescreen elementor-hidden-desktop elementor-hidden-tablet elementor-widget elementor-widget-image-box\" data-id=\"a53aa93\" data-element_type=\"widget\" data-widget_type=\"image-box.default\">\n\t\t\t\t<div class=\"elementor-widget-container\">\n\t\t\t\t\t<div class=\"elementor-image-box-wrapper\"><div class=\"elementor-image-box-content\"><h3 class=\"elementor-image-box-title\">Nosso Estilo<\/h3><p class=\"elementor-image-box-description\">Buscamos narrativas vibrantes que satisfa\u00e7am audi\u00eancias globais com filmes, s\u00e9ries, podcasts e outros projetos audiovisuais de excel\u00eancia e car\u00e1ter universal. \n<br><br>\nPrezamos por uma gest\u00e3o enxuta e eficiente dos recursos, potencializando o retorno financeiro de cada projeto. \n<\/p><\/div><\/div>\t\t\t\t<\/div>\n\t\t\t\t<\/div>\n\t\t\t\t<\/div>\n\t\t\t\t<\/div>\n\t\t<div class=\"elementor-element elementor-element-1ebec37 e-con-full e-flex e-con e-parent\" data-id=\"1ebec37\" data-element_type=\"container\" data-settings=\"{&quot;background_background&quot;:&quot;classic&quot;}\">\n\t\t<div class=\"elementor-element elementor-element-61a841b e-grid e-con-full e-con e-child\" data-id=\"61a841b\" data-element_type=\"container\" data-settings=\"{&quot;background_background&quot;:&quot;classic&quot;}\">\n\t\t\t\t<div class=\"elementor-element elementor-element-58b90a1 elementor-widget elementor-widget-spacer\" data-id=\"58b90a1\" data-element_type=\"widget\" data-widget_type=\"spacer.default\">\n\t\t\t\t<div class=\"elementor-widget-container\">\n\t\t\t\t\t\t\t<div class=\"elementor-spacer\">\n\t\t\t<div class=\"elementor-spacer-inner\"><\/div>\n\t\t<\/div>\n\t\t\t\t\t\t<\/div>\n\t\t\t\t<\/div>\n\t\t\t\t<div class=\"elementor-element elementor-element-1e216fe elementor-widget elementor-widget-image-box\" data-id=\"1e216fe\" data-element_type=\"widget\" data-widget_type=\"image-box.default\">\n\t\t\t\t<div class=\"elementor-widget-container\">\n\t\t\t\t\t<div class=\"elementor-image-box-wrapper\"><div class=\"elementor-image-box-content\"><h3 class=\"elementor-image-box-title\">Nosso Prop\u00f3sito<\/h3><p class=\"elementor-image-box-description\">Atuamos para que cada projeto gere retornos financeiros s\u00f3lidos e um legado humano, social e ambiental mensur\u00e1vel.<br><br>Para tanto, investimento um montante de nossos resultados financeiros em projetos socioambientais e de sustentabilidade.<\/p><\/div><\/div>\t\t\t\t<\/div>\n\t\t\t\t<\/div>\n\t\t\t\t<\/div>\n\t\t\t\t<\/div>\n\t\t<div class=\"elementor-element elementor-element-dba5706 e-con-full e-flex e-con e-parent\" data-id=\"dba5706\" data-element_type=\"container\" data-settings=\"{&quot;background_background&quot;:&quot;classic&quot;}\">\n\t\t\t\t<div class=\"elementor-element elementor-element-40ea245 elementor-widget elementor-widget-heading\" data-id=\"40ea245\" data-element_type=\"widget\" data-widget_type=\"heading.default\">\n\t\t\t\t<div class=\"elementor-widget-container\">\n\t\t\t\t\t<h2 class=\"elementor-heading-title elementor-size-default\">Produ\u00e7\u00f5es em andamento<\/h2>\t\t\t\t<\/div>\n\t\t\t\t<\/div>\n\t\t\t\t<\/div>\n\t\t<div class=\"elementor-element elementor-element-ad10450 e-flex e-con-boxed e-con e-parent\" data-id=\"ad10450\" data-element_type=\"container\" data-settings=\"{&quot;background_background&quot;:&quot;classic&quot;}\">\n\t\t\t\t\t<div class=\"e-con-inner\">\n\t\t<div class=\"elementor-element elementor-element-cf0adee e-flex e-con-boxed e-con e-child\" data-id=\"cf0adee\" data-element_type=\"container\">\n\t\t\t\t\t<div class=\"e-con-inner\">\n\t\t\t\t<div class=\"elementor-element elementor-element-5fa65d8 elementor-widget__width-initial elementor-widget elementor-widget-image\" data-id=\"5fa65d8\" data-element_type=\"widget\" data-widget_type=\"image.default\">\n\t\t\t\t<div class=\"elementor-widget-container\">\n\t\t\t\t\t\t\t\t\t\t\t\t\t\t\t\t<a href=\"https:\/\/ayssocorp.com\/index.php\/producoes\/#luzia\">\n\t\t\t\t\t\t\t<img fetchpriority=\"high\" decoding=\"async\" width=\"838\" height=\"1183\" src=\"https:\/\/ayssocorp.com\/wp-content\/uploads\/2024\/06\/LUZIA-LIMPA-copia-2-min.jpg\" class=\"elementor-animation-shrink attachment-full size-full wp-image-248\" alt=\"\" srcset=\"https:\/\/ayssocorp.com\/wp-content\/uploads\/2024\/06\/LUZIA-LIMPA-copia-2-min.jpg 838w, https:\/\/ayssocorp.com\/wp-content\/uploads\/2024\/06\/LUZIA-LIMPA-copia-2-min-213x300.jpg 213w, https:\/\/ayssocorp.com\/wp-content\/uploads\/2024\/06\/LUZIA-LIMPA-copia-2-min-725x1024.jpg 725w, https:\/\/ayssocorp.com\/wp-content\/uploads\/2024\/06\/LUZIA-LIMPA-copia-2-min-768x1084.jpg 768w\" sizes=\"(max-width: 838px) 100vw, 838px\" \/>\t\t\t\t\t\t\t\t<\/a>\n\t\t\t\t\t\t\t\t\t\t\t\t\t\t\t<\/div>\n\t\t\t\t<\/div>\n\t\t\t\t<div class=\"elementor-element elementor-element-7461ee9 elementor-widget__width-initial elementor-widget elementor-widget-image\" data-id=\"7461ee9\" data-element_type=\"widget\" data-widget_type=\"image.default\">\n\t\t\t\t<div class=\"elementor-widget-container\">\n\t\t\t\t\t\t\t\t\t\t\t\t\t\t\t\t<a href=\"https:\/\/ayssocorp.com\/index.php\/producoes\/#txai\">\n\t\t\t\t\t\t\t<img decoding=\"async\" width=\"844\" height=\"1186\" src=\"https:\/\/ayssocorp.com\/wp-content\/uploads\/2024\/06\/Aysso-Poster-TXAI-Designer-Tiago-Maia-V1-min.jpg\" class=\"elementor-animation-shrink attachment-full size-full wp-image-250\" alt=\"\" srcset=\"https:\/\/ayssocorp.com\/wp-content\/uploads\/2024\/06\/Aysso-Poster-TXAI-Designer-Tiago-Maia-V1-min.jpg 844w, https:\/\/ayssocorp.com\/wp-content\/uploads\/2024\/06\/Aysso-Poster-TXAI-Designer-Tiago-Maia-V1-min-213x300.jpg 213w, https:\/\/ayssocorp.com\/wp-content\/uploads\/2024\/06\/Aysso-Poster-TXAI-Designer-Tiago-Maia-V1-min-729x1024.jpg 729w, https:\/\/ayssocorp.com\/wp-content\/uploads\/2024\/06\/Aysso-Poster-TXAI-Designer-Tiago-Maia-V1-min-768x1079.jpg 768w\" sizes=\"(max-width: 844px) 100vw, 844px\" \/>\t\t\t\t\t\t\t\t<\/a>\n\t\t\t\t\t\t\t\t\t\t\t\t\t\t\t<\/div>\n\t\t\t\t<\/div>\n\t\t\t\t<div class=\"elementor-element elementor-element-4fd39a9 elementor-widget__width-initial elementor-widget elementor-widget-image\" data-id=\"4fd39a9\" data-element_type=\"widget\" data-widget_type=\"image.default\">\n\t\t\t\t<div class=\"elementor-widget-container\">\n\t\t\t\t\t\t\t\t\t\t\t\t\t\t\t\t<a href=\"https:\/\/ayssocorp.com\/index.php\/producoes\/#visoes\">\n\t\t\t\t\t\t\t<img decoding=\"async\" width=\"426\" height=\"599\" src=\"https:\/\/ayssocorp.com\/wp-content\/uploads\/2024\/09\/admin-ajax-e1726174693374.png\" class=\"elementor-animation-shrink attachment-full size-full wp-image-903\" alt=\"\" srcset=\"https:\/\/ayssocorp.com\/wp-content\/uploads\/2024\/09\/admin-ajax-e1726174693374.png 426w, https:\/\/ayssocorp.com\/wp-content\/uploads\/2024\/09\/admin-ajax-e1726174693374-213x300.png 213w\" sizes=\"(max-width: 426px) 100vw, 426px\" \/>\t\t\t\t\t\t\t\t<\/a>\n\t\t\t\t\t\t\t\t\t\t\t\t\t\t\t<\/div>\n\t\t\t\t<\/div>\n\t\t\t\t\t<\/div>\n\t\t\t\t<\/div>\n\t\t<div class=\"elementor-element elementor-element-498f49d e-flex e-con-boxed e-con e-child\" data-id=\"498f49d\" data-element_type=\"container\">\n\t\t\t\t\t<div class=\"e-con-inner\">\n\t\t\t\t<div class=\"elementor-element elementor-element-a2739af elementor-widget__width-initial elementor-widget elementor-widget-image\" data-id=\"a2739af\" data-element_type=\"widget\" data-widget_type=\"image.default\">\n\t\t\t\t<div class=\"elementor-widget-container\">\n\t\t\t\t\t\t\t\t\t\t\t\t\t\t\t\t<a href=\"https:\/\/ayssocorp.com\/index.php\/producoes\/#flor\">\n\t\t\t\t\t\t\t<img loading=\"lazy\" decoding=\"async\" width=\"572\" height=\"797\" src=\"https:\/\/ayssocorp.com\/wp-content\/uploads\/2024\/06\/Aysso-Poster-FLOR-DA-LUA-Designer-Tiago-Maia-V1-2.jpg\" class=\"elementor-animation-shrink attachment-full size-full wp-image-313\" alt=\"\" srcset=\"https:\/\/ayssocorp.com\/wp-content\/uploads\/2024\/06\/Aysso-Poster-FLOR-DA-LUA-Designer-Tiago-Maia-V1-2.jpg 572w, https:\/\/ayssocorp.com\/wp-content\/uploads\/2024\/06\/Aysso-Poster-FLOR-DA-LUA-Designer-Tiago-Maia-V1-2-215x300.jpg 215w\" sizes=\"(max-width: 572px) 100vw, 572px\" \/>\t\t\t\t\t\t\t\t<\/a>\n\t\t\t\t\t\t\t\t\t\t\t\t\t\t\t<\/div>\n\t\t\t\t<\/div>\n\t\t\t\t<div class=\"elementor-element elementor-element-0adfc7c elementor-widget__width-initial elementor-widget elementor-widget-image\" data-id=\"0adfc7c\" data-element_type=\"widget\" data-widget_type=\"image.default\">\n\t\t\t\t<div class=\"elementor-widget-container\">\n\t\t\t\t\t\t\t\t\t\t\t\t\t\t\t\t<a href=\"https:\/\/ayssocorp.com\/index.php\/producoes\/#magia\">\n\t\t\t\t\t\t\t<img loading=\"lazy\" decoding=\"async\" width=\"838\" height=\"1182\" src=\"https:\/\/ayssocorp.com\/wp-content\/uploads\/2024\/06\/05-Aysso-Poster-DE-MAGIA-DANCA-E-PES-Designer-Tiago-Maia-copia-min.jpg\" class=\"elementor-animation-shrink attachment-full size-full wp-image-251\" alt=\"\" srcset=\"https:\/\/ayssocorp.com\/wp-content\/uploads\/2024\/06\/05-Aysso-Poster-DE-MAGIA-DANCA-E-PES-Designer-Tiago-Maia-copia-min.jpg 838w, https:\/\/ayssocorp.com\/wp-content\/uploads\/2024\/06\/05-Aysso-Poster-DE-MAGIA-DANCA-E-PES-Designer-Tiago-Maia-copia-min-213x300.jpg 213w, https:\/\/ayssocorp.com\/wp-content\/uploads\/2024\/06\/05-Aysso-Poster-DE-MAGIA-DANCA-E-PES-Designer-Tiago-Maia-copia-min-726x1024.jpg 726w, https:\/\/ayssocorp.com\/wp-content\/uploads\/2024\/06\/05-Aysso-Poster-DE-MAGIA-DANCA-E-PES-Designer-Tiago-Maia-copia-min-768x1083.jpg 768w\" sizes=\"(max-width: 838px) 100vw, 838px\" \/>\t\t\t\t\t\t\t\t<\/a>\n\t\t\t\t\t\t\t\t\t\t\t\t\t\t\t<\/div>\n\t\t\t\t<\/div>\n\t\t\t\t<div class=\"elementor-element elementor-element-1db9156 elementor-widget__width-initial elementor-widget elementor-widget-image\" data-id=\"1db9156\" data-element_type=\"widget\" data-widget_type=\"image.default\">\n\t\t\t\t<div class=\"elementor-widget-container\">\n\t\t\t\t\t\t\t\t\t\t\t\t\t\t\t\t<a href=\"https:\/\/ayssocorp.com\/index.php\/producoes\/#tatu\">\n\t\t\t\t\t\t\t<img loading=\"lazy\" decoding=\"async\" width=\"816\" height=\"1180\" src=\"https:\/\/ayssocorp.com\/wp-content\/uploads\/2024\/06\/poster-tatu-do-bem-min.jpg\" class=\"elementor-animation-shrink attachment-full size-full wp-image-247\" alt=\"\" srcset=\"https:\/\/ayssocorp.com\/wp-content\/uploads\/2024\/06\/poster-tatu-do-bem-min.jpg 816w, https:\/\/ayssocorp.com\/wp-content\/uploads\/2024\/06\/poster-tatu-do-bem-min-207x300.jpg 207w, https:\/\/ayssocorp.com\/wp-content\/uploads\/2024\/06\/poster-tatu-do-bem-min-708x1024.jpg 708w, https:\/\/ayssocorp.com\/wp-content\/uploads\/2024\/06\/poster-tatu-do-bem-min-768x1111.jpg 768w\" sizes=\"(max-width: 816px) 100vw, 816px\" \/>\t\t\t\t\t\t\t\t<\/a>\n\t\t\t\t\t\t\t\t\t\t\t\t\t\t\t<\/div>\n\t\t\t\t<\/div>\n\t\t\t\t\t<\/div>\n\t\t\t\t<\/div>\n\t\t\t\t\t<\/div>\n\t\t\t\t<\/div>\n\t\t<div class=\"elementor-element elementor-element-3d5b41b elementor-hidden-desktop elementor-hidden-tablet elementor-hidden-mobile elementor-hidden-widescreen e-flex e-con-boxed e-con e-parent\" data-id=\"3d5b41b\" data-element_type=\"container\" data-settings=\"{&quot;background_background&quot;:&quot;gradient&quot;}\">\n\t\t\t\t\t<div class=\"e-con-inner\">\n\t\t\t\t<div class=\"elementor-element elementor-element-6ddb716 elementor-widget elementor-widget-html\" data-id=\"6ddb716\" data-element_type=\"widget\" data-widget_type=\"html.default\">\n\t\t\t\t<div class=\"elementor-widget-container\">\n\t\t\t\t\t<script src=\"https:\/\/cdnjs.cloudflare.com\/ajax\/libs\/gsap\/3.11.5\/gsap.min.js\"><\/script>\n<script src=\"https:\/\/cdnjs.cloudflare.com\/ajax\/libs\/gsap\/3.11.5\/ScrollTrigger.min.js\"><\/script>\n\n<script>\ngsap.registerPlugin(ScrollTrigger);\n\nlet tl7 = gsap.timeline({\n    scrollTrigger:{\n        trigger: \".bg\",\n        start: \"top top\",\n        toggleActions: \"play none none reverse\",\n    }\n});\n    \n    tl7.to(\".barra\",{\n        opacity: 1,\n    })\n<\/script>\t\t\t\t<\/div>\n\t\t\t\t<\/div>\n\t\t\t\t<div class=\"elementor-element elementor-element-36ec9ac elementor-widget elementor-widget-html\" data-id=\"36ec9ac\" data-element_type=\"widget\" data-widget_type=\"html.default\">\n\t\t\t\t<div class=\"elementor-widget-container\">\n\t\t\t\t\t<script>\r\n    const elementos = document.querySelectorAll('.scroll-left, .scroll-right, .scroll-bottom, .scroll-top');\r\n    const posicaoScroll = window.innerHeight * 0.5;\r\n\r\n    function fadeScroll(){\r\n        elementos.forEach((elemento) => {\r\n            const elementoTop = elemento.getBoundingClientRect().top - posicaoScroll;\r\n        if(elementoTop < 120) {\r\n            elemento.classList.add('ativo');\r\n        }\r\n        else {\r\n            elemento.classList.remove('ativo');\r\n        }\r\n        })\r\n    }\r\n\r\n    window.addEventListener('scroll', fadeScroll);\r\n<\/script>\r\n\t\t\t\t<\/div>\n\t\t\t\t<\/div>\n\t\t\t\t\t<\/div>\n\t\t\t\t<\/div>\n\t\t\t\t<\/div>\n\t\t","protected":false},"excerpt":{"rendered":"<p>Entretenimento que transforma o mundo Nossa For\u00e7a Na Aysso, pensamos o entretenimento como uma for\u00e7a criadora de novas realidades. Para n\u00f3s, a puls\u00e3o criativa das hist\u00f3rias tem o potencial de moldar o futuro, conectando-nos com o mundo, com os outros e com nossa pr\u00f3pria humanidade. Nosso Estilo Buscamos narrativas vibrantes que satisfa\u00e7am audi\u00eancias globais com [&hellip;]<\/p>\n","protected":false},"author":1,"featured_media":0,"parent":0,"menu_order":0,"comment_status":"closed","ping_status":"closed","template":"","meta":{"footnotes":""},"class_list":["post-48","page","type-page","status-publish","hentry"],"_links":{"self":[{"href":"https:\/\/ayssocorp.com\/index.php\/wp-json\/wp\/v2\/pages\/48"}],"collection":[{"href":"https:\/\/ayssocorp.com\/index.php\/wp-json\/wp\/v2\/pages"}],"about":[{"href":"https:\/\/ayssocorp.com\/index.php\/wp-json\/wp\/v2\/types\/page"}],"author":[{"embeddable":true,"href":"https:\/\/ayssocorp.com\/index.php\/wp-json\/wp\/v2\/users\/1"}],"replies":[{"embeddable":true,"href":"https:\/\/ayssocorp.com\/index.php\/wp-json\/wp\/v2\/comments?post=48"}],"version-history":[{"count":265,"href":"https:\/\/ayssocorp.com\/index.php\/wp-json\/wp\/v2\/pages\/48\/revisions"}],"predecessor-version":[{"id":1491,"href":"https:\/\/ayssocorp.com\/index.php\/wp-json\/wp\/v2\/pages\/48\/revisions\/1491"}],"wp:attachment":[{"href":"https:\/\/ayssocorp.com\/index.php\/wp-json\/wp\/v2\/media?parent=48"}],"curies":[{"name":"wp","href":"https:\/\/api.w.org\/{rel}","templated":true}]}}