{"id":207,"date":"2024-06-01T19:10:36","date_gmt":"2024-06-01T22:10:36","guid":{"rendered":"https:\/\/ayssocorp.com\/?page_id=207"},"modified":"2024-10-15T10:00:15","modified_gmt":"2024-10-15T13:00:15","slug":"selos","status":"publish","type":"page","link":"https:\/\/ayssocorp.com\/index.php\/selos\/","title":{"rendered":"SELOS"},"content":{"rendered":"\t\t<div data-elementor-type=\"wp-page\" data-elementor-id=\"207\" class=\"elementor elementor-207\" data-elementor-post-type=\"page\">\n\t\t\t\t<div class=\"elementor-element elementor-element-18e8342 e-flex e-con-boxed e-con e-parent\" data-id=\"18e8342\" data-element_type=\"container\" data-settings=\"{&quot;background_background&quot;:&quot;classic&quot;}\">\n\t\t\t\t\t<div class=\"e-con-inner\">\n\t\t\t\t<div class=\"elementor-element elementor-element-fe00dd6 elementor-widget elementor-widget-heading\" data-id=\"fe00dd6\" data-element_type=\"widget\" data-widget_type=\"heading.default\">\n\t\t\t\t<div class=\"elementor-widget-container\">\n\t\t\t\t\t<h2 class=\"elementor-heading-title elementor-size-default\">Um ecossistema plural<\/h2>\t\t\t\t<\/div>\n\t\t\t\t<\/div>\n\t\t\t\t<div class=\"elementor-element elementor-element-f75ed22 card scroll-right0 elementor-widget elementor-widget-image-box\" data-id=\"f75ed22\" data-element_type=\"widget\" data-widget_type=\"image-box.default\">\n\t\t\t\t<div class=\"elementor-widget-container\">\n\t\t\t\t\t<div class=\"elementor-image-box-wrapper\"><div class=\"elementor-image-box-content\"><p class=\"elementor-image-box-description\">Como bons contadores de hist\u00f3rias, tudo o que \u00e9 humano, envolvente e instigante nos interessa. Essas caracter\u00edsticas se refletem em nossos selos, onde a diversidade de vis\u00f5es, narrativas, g\u00eaneros e linguagens&nbsp;predomina.\n<br><br>\nCada selo \u00e9 uma unidade criativamente aut\u00f4noma, que opera conectada ao ecossistema Aysso, com parceiros comuns e gest\u00e3o compartilhada, e que tem como objetivo a gera\u00e7\u00e3o de neg\u00f3cios, projetos e valor para uma engrenagem de produ\u00e7\u00f5es em s\u00e9rie destinadas a viabilizar e visibilizar a empresa rapidamente.<\/p><\/div><\/div>\t\t\t\t<\/div>\n\t\t\t\t<\/div>\n\t\t\t\t\t<\/div>\n\t\t\t\t<\/div>\n\t\t<div class=\"elementor-element elementor-element-d2e3e37 e-con-full e-flex e-con e-parent\" data-id=\"d2e3e37\" data-element_type=\"container\">\n\t\t<div class=\"elementor-element elementor-element-378d2be e-flex e-con-boxed e-con e-child\" data-id=\"378d2be\" data-element_type=\"container\">\n\t\t\t\t\t<div class=\"e-con-inner\">\n\t\t\t\t<div class=\"elementor-element elementor-element-76205ce elementor-widget__width-initial elementor-widget-mobile__width-inherit elementor-widget elementor-widget-image\" data-id=\"76205ce\" data-element_type=\"widget\" data-widget_type=\"image.default\">\n\t\t\t\t<div class=\"elementor-widget-container\">\n\t\t\t\t\t\t\t\t\t\t\t\t\t\t\t<img fetchpriority=\"high\" decoding=\"async\" width=\"258\" height=\"259\" src=\"https:\/\/ayssocorp.com\/wp-content\/uploads\/2024\/02\/Logo-Aysso-Colorida-Cinema-com-Proposito.png\" class=\"attachment-full size-full wp-image-15\" alt=\"\" srcset=\"https:\/\/ayssocorp.com\/wp-content\/uploads\/2024\/02\/Logo-Aysso-Colorida-Cinema-com-Proposito.png 258w, https:\/\/ayssocorp.com\/wp-content\/uploads\/2024\/02\/Logo-Aysso-Colorida-Cinema-com-Proposito-150x150.png 150w\" sizes=\"(max-width: 258px) 100vw, 258px\" \/>\t\t\t\t\t\t\t\t\t\t\t\t\t\t\t<\/div>\n\t\t\t\t<\/div>\n\t\t\t\t<div class=\"elementor-element elementor-element-6ebfbd4 elementor-widget__width-inherit elementor-widget elementor-widget-image-box\" data-id=\"6ebfbd4\" data-element_type=\"widget\" data-widget_type=\"image-box.default\">\n\t\t\t\t<div class=\"elementor-widget-container\">\n\t\t\t\t\t<div class=\"elementor-image-box-wrapper\"><div class=\"elementor-image-box-content\"><p class=\"elementor-image-box-description\">A Aysso \u00e9 resultado do engajamento de produtores, roteiristas e diretores estabelecidos no mercado e compromissados em suprir a demanda audiovisual por projetos que sejam, ao mesmo tempo, comercialmente bem sucedidos e comprometidos com o social e o ambiente.\n<br><br>\nCom um portf\u00f3lio de produ\u00e7\u00f5es audiovisuais que aliam entretenimento e vis\u00e3o de mercado, nossa voca\u00e7\u00e3o criativa para \u201csair da caixa\u201d nos inspira a atender stakeholders exigentes, habituados aos elevados padr\u00f5es cinematogr\u00e1ficos internacionais e \u00e1vidos por produ\u00e7\u00f5es locais audaciosas e sustent\u00e1veis.\n<\/p><\/div><\/div>\t\t\t\t<\/div>\n\t\t\t\t<\/div>\n\t\t\t\t\t<\/div>\n\t\t\t\t<\/div>\n\t\t<div class=\"elementor-element elementor-element-ac71df0 e-flex e-con-boxed e-con e-child\" data-id=\"ac71df0\" data-element_type=\"container\">\n\t\t\t\t\t<div class=\"e-con-inner\">\n\t\t\t\t<div class=\"elementor-element elementor-element-fb248d9 elementor-widget__width-initial elementor-widget-mobile__width-inherit elementor-widget elementor-widget-image\" data-id=\"fb248d9\" data-element_type=\"widget\" data-widget_type=\"image.default\">\n\t\t\t\t<div class=\"elementor-widget-container\">\n\t\t\t\t\t\t\t\t\t\t\t\t\t\t\t<img decoding=\"async\" width=\"676\" height=\"564\" src=\"https:\/\/ayssocorp.com\/wp-content\/uploads\/2024\/06\/solar-preto-e1717281816690.png\" class=\"attachment-full size-full wp-image-229\" alt=\"\" srcset=\"https:\/\/ayssocorp.com\/wp-content\/uploads\/2024\/06\/solar-preto-e1717281816690.png 676w, https:\/\/ayssocorp.com\/wp-content\/uploads\/2024\/06\/solar-preto-e1717281816690-300x250.png 300w\" sizes=\"(max-width: 676px) 100vw, 676px\" \/>\t\t\t\t\t\t\t\t\t\t\t\t\t\t\t<\/div>\n\t\t\t\t<\/div>\n\t\t\t\t<div class=\"elementor-element elementor-element-2fc40cf elementor-widget__width-inherit elementor-widget elementor-widget-image-box\" data-id=\"2fc40cf\" data-element_type=\"widget\" data-widget_type=\"image-box.default\">\n\t\t\t\t<div class=\"elementor-widget-container\">\n\t\t\t\t\t<div class=\"elementor-image-box-wrapper\"><div class=\"elementor-image-box-content\"><p class=\"elementor-image-box-description\">Impactar audi\u00eancias globais com hist\u00f3rias e divulga\u00e7\u00e3o cient\u00edficas de tem\u00e1ticas em alta no campo da medicina e que despertam grande interesse na sociedade. Esse \u00e9 o core da Solar, uma startup dedicada a criar filmes, s\u00e9ries e document\u00e1rios que entret\u00eam aliando storytelling e um olhar curioso sobre a ci\u00eancia. \n<br><br>Ao construir pontes entre audi\u00eancia e comunidade m\u00e9dica, celebramos o poder das rela\u00e7\u00f5es humanas e contribuimos para o aumento da consci\u00eancia global sobre doen\u00e7as e condi\u00e7\u00f5es que afetam milh\u00f5es de indiv\u00edduos ao redor do mundo. \n<\/p><\/div><\/div>\t\t\t\t<\/div>\n\t\t\t\t<\/div>\n\t\t\t\t\t<\/div>\n\t\t\t\t<\/div>\n\t\t<div class=\"elementor-element elementor-element-679552b e-flex e-con-boxed e-con e-child\" data-id=\"679552b\" data-element_type=\"container\">\n\t\t\t\t\t<div class=\"e-con-inner\">\n\t\t\t\t<div class=\"elementor-element elementor-element-cf4435c elementor-widget__width-initial elementor-widget-mobile__width-inherit elementor-widget elementor-widget-image\" data-id=\"cf4435c\" data-element_type=\"widget\" data-widget_type=\"image.default\">\n\t\t\t\t<div class=\"elementor-widget-container\">\n\t\t\t\t\t\t\t\t\t\t\t\t\t\t\t<img decoding=\"async\" width=\"640\" height=\"209\" src=\"https:\/\/ayssocorp.com\/wp-content\/uploads\/2024\/06\/BOOYAH_FINAL-copia-2-e1717281754727.png\" class=\"attachment-full size-full wp-image-226\" alt=\"\" srcset=\"https:\/\/ayssocorp.com\/wp-content\/uploads\/2024\/06\/BOOYAH_FINAL-copia-2-e1717281754727.png 640w, https:\/\/ayssocorp.com\/wp-content\/uploads\/2024\/06\/BOOYAH_FINAL-copia-2-e1717281754727-300x98.png 300w\" sizes=\"(max-width: 640px) 100vw, 640px\" \/>\t\t\t\t\t\t\t\t\t\t\t\t\t\t\t<\/div>\n\t\t\t\t<\/div>\n\t\t\t\t<div class=\"elementor-element elementor-element-34c0d93 elementor-widget__width-inherit elementor-widget elementor-widget-image-box\" data-id=\"34c0d93\" data-element_type=\"widget\" data-widget_type=\"image-box.default\">\n\t\t\t\t<div class=\"elementor-widget-container\">\n\t\t\t\t\t<div class=\"elementor-image-box-wrapper\"><div class=\"elementor-image-box-content\"><p class=\"elementor-image-box-description\">Hist\u00f3rias que vemos e ouvimos quando crian\u00e7a s\u00e3o inesquec\u00edveis porque deixam um legado. Na Booyah!, acreditamos que os valores formados na inf\u00e2ncia s\u00e3o parte de quem somos e constroem, com a mat\u00e9ria prima dos sonhos, um futuro de possibilidades infinitas.\n<br><br>\nSomos uma usina de anima\u00e7\u00f5es cujas produ\u00e7\u00f5es capturam o car\u00e1ter inovador da imagina\u00e7\u00e3o para fabricar n\u00e3o apenas narrativas envolventes e inspiradoras, mas tamb\u00e9m um mundo novo a crian\u00e7as e adolescentes. Um mundo concreto fundado na ideia de que nenhum sonho \u00e9 imposs\u00edvel.\n<\/p><\/div><\/div>\t\t\t\t<\/div>\n\t\t\t\t<\/div>\n\t\t\t\t\t<\/div>\n\t\t\t\t<\/div>\n\t\t<div class=\"elementor-element elementor-element-b2f6cec e-flex e-con-boxed e-con e-child\" data-id=\"b2f6cec\" data-element_type=\"container\">\n\t\t\t\t\t<div class=\"e-con-inner\">\n\t\t\t\t<div class=\"elementor-element elementor-element-1feabc0 elementor-widget__width-initial elementor-widget-mobile__width-inherit elementor-widget elementor-widget-image\" data-id=\"1feabc0\" data-element_type=\"widget\" data-widget_type=\"image.default\">\n\t\t\t\t<div class=\"elementor-widget-container\">\n\t\t\t\t\t\t\t\t\t\t\t\t\t\t\t<img loading=\"lazy\" decoding=\"async\" width=\"581\" height=\"258\" src=\"https:\/\/ayssocorp.com\/wp-content\/uploads\/2024\/06\/Objeto-Inteligente-de-Vetor.png\" class=\"attachment-full size-full wp-image-228\" alt=\"\" srcset=\"https:\/\/ayssocorp.com\/wp-content\/uploads\/2024\/06\/Objeto-Inteligente-de-Vetor.png 581w, https:\/\/ayssocorp.com\/wp-content\/uploads\/2024\/06\/Objeto-Inteligente-de-Vetor-300x133.png 300w\" sizes=\"(max-width: 581px) 100vw, 581px\" \/>\t\t\t\t\t\t\t\t\t\t\t\t\t\t\t<\/div>\n\t\t\t\t<\/div>\n\t\t\t\t<div class=\"elementor-element elementor-element-c03f28d elementor-widget__width-inherit elementor-widget elementor-widget-image-box\" data-id=\"c03f28d\" data-element_type=\"widget\" data-widget_type=\"image-box.default\">\n\t\t\t\t<div class=\"elementor-widget-container\">\n\t\t\t\t\t<div class=\"elementor-image-box-wrapper\"><div class=\"elementor-image-box-content\"><p class=\"elementor-image-box-description\">Imaginar e pensar o novo \u00e9 da natureza da ind\u00fastria. Enxergar tend\u00eancias e traduzi-las em arte, conte\u00fado e novos produtos \u00e9 da natureza da Phallanx.\n<br><br>\nInovamos com um staff de talentos m\u00faltiplos, dotado de habilidades e expertise de diversos setores. N\u00e3o somos apenas a phallanx da moda: somos tamb\u00e9m a do cinema, da m\u00fasica e da tecnologia. Disrup\u00e7\u00e3o plural e global.\n<\/p><\/div><\/div>\t\t\t\t<\/div>\n\t\t\t\t<\/div>\n\t\t\t\t\t<\/div>\n\t\t\t\t<\/div>\n\t\t<div class=\"elementor-element elementor-element-bb585d6 e-flex e-con-boxed e-con e-child\" data-id=\"bb585d6\" data-element_type=\"container\">\n\t\t\t\t\t<div class=\"e-con-inner\">\n\t\t\t\t<div class=\"elementor-element elementor-element-5c1b0c3 elementor-widget__width-initial elementor-widget-mobile__width-inherit elementor-widget elementor-widget-image\" data-id=\"5c1b0c3\" data-element_type=\"widget\" data-widget_type=\"image.default\">\n\t\t\t\t<div class=\"elementor-widget-container\">\n\t\t\t\t\t\t\t\t\t\t\t\t\t\t\t<img loading=\"lazy\" decoding=\"async\" width=\"603\" height=\"231\" src=\"https:\/\/ayssocorp.com\/wp-content\/uploads\/2024\/06\/Logo-New-Dawn-Designer-Tiago-Maia-03.png\" class=\"attachment-full size-full wp-image-227\" alt=\"\" srcset=\"https:\/\/ayssocorp.com\/wp-content\/uploads\/2024\/06\/Logo-New-Dawn-Designer-Tiago-Maia-03.png 603w, https:\/\/ayssocorp.com\/wp-content\/uploads\/2024\/06\/Logo-New-Dawn-Designer-Tiago-Maia-03-300x115.png 300w\" sizes=\"(max-width: 603px) 100vw, 603px\" \/>\t\t\t\t\t\t\t\t\t\t\t\t\t\t\t<\/div>\n\t\t\t\t<\/div>\n\t\t\t\t<div class=\"elementor-element elementor-element-8c5650d elementor-widget__width-inherit elementor-widget elementor-widget-image-box\" data-id=\"8c5650d\" data-element_type=\"widget\" data-widget_type=\"image-box.default\">\n\t\t\t\t<div class=\"elementor-widget-container\">\n\t\t\t\t\t<div class=\"elementor-image-box-wrapper\"><div class=\"elementor-image-box-content\"><p class=\"elementor-image-box-description\">Narrativas vibrantes que entret\u00eam e emocionam, conectando o p\u00fablico com valores universais e sentimentos edificantes. Esse \u00e9 o cora\u00e7\u00e3o da New Dawn.\n<br><br>\nProduzimos filmes e s\u00e9ries para toda a fam\u00edlia, feitos para serem exibidos sem receios e com a confian\u00e7a de que cada um deles valoriza o esp\u00edrito humano, a liberdade e princ\u00edpios atemporais.\n<\/p><\/div><\/div>\t\t\t\t<\/div>\n\t\t\t\t<\/div>\n\t\t\t\t\t<\/div>\n\t\t\t\t<\/div>\n\t\t\t\t<\/div>\n\t\t<div class=\"elementor-element elementor-element-ac0e3a4 elementor-hidden-desktop elementor-hidden-tablet elementor-hidden-mobile elementor-hidden-widescreen e-flex e-con-boxed e-con e-parent\" data-id=\"ac0e3a4\" data-element_type=\"container\" data-settings=\"{&quot;background_background&quot;:&quot;gradient&quot;}\">\n\t\t\t\t\t<div class=\"e-con-inner\">\n\t\t\t\t<div class=\"elementor-element elementor-element-812b22a elementor-widget elementor-widget-html\" data-id=\"812b22a\" data-element_type=\"widget\" data-widget_type=\"html.default\">\n\t\t\t\t<div class=\"elementor-widget-container\">\n\t\t\t\t\t<script src=\"https:\/\/cdnjs.cloudflare.com\/ajax\/libs\/gsap\/3.11.5\/gsap.min.js\"><\/script>\n<script src=\"https:\/\/cdnjs.cloudflare.com\/ajax\/libs\/gsap\/3.11.5\/ScrollTrigger.min.js\"><\/script>\n\n<script>\ngsap.registerPlugin(ScrollTrigger);\n\nlet tl7 = gsap.timeline({\n    scrollTrigger:{\n        trigger: \".bg\",\n        start: \"top top\",\n        toggleActions: \"play none none reverse\",\n    }\n});\n    \n    tl7.to(\".barra\",{\n        opacity: 1,\n    })\n<\/script>\t\t\t\t<\/div>\n\t\t\t\t<\/div>\n\t\t\t\t<div class=\"elementor-element elementor-element-6893de8 elementor-widget elementor-widget-html\" data-id=\"6893de8\" data-element_type=\"widget\" data-widget_type=\"html.default\">\n\t\t\t\t<div class=\"elementor-widget-container\">\n\t\t\t\t\t<script>\r\n    const elementos = document.querySelectorAll('.scroll-left, .scroll-right, .scroll-bottom, .scroll-top');\r\n    const posicaoScroll = window.innerHeight * 0.5;\r\n\r\n    function fadeScroll(){\r\n        elementos.forEach((elemento) => {\r\n            const elementoTop = elemento.getBoundingClientRect().top - posicaoScroll;\r\n        if(elementoTop < 120) {\r\n            elemento.classList.add('ativo');\r\n        }\r\n        else {\r\n            elemento.classList.remove('ativo');\r\n        }\r\n        })\r\n    }\r\n\r\n    window.addEventListener('scroll', fadeScroll);\r\n<\/script>\r\n\t\t\t\t<\/div>\n\t\t\t\t<\/div>\n\t\t\t\t\t<\/div>\n\t\t\t\t<\/div>\n\t\t\t\t<\/div>\n\t\t","protected":false},"excerpt":{"rendered":"<p>Um ecossistema plural Como bons contadores de hist\u00f3rias, tudo o que \u00e9 humano, envolvente e instigante nos interessa. Essas caracter\u00edsticas se refletem em nossos selos, onde a diversidade de vis\u00f5es, narrativas, g\u00eaneros e linguagens&nbsp;predomina. Cada selo \u00e9 uma unidade criativamente aut\u00f4noma, que opera conectada ao ecossistema Aysso, com parceiros comuns e gest\u00e3o compartilhada, e que [&hellip;]<\/p>\n","protected":false},"author":1,"featured_media":0,"parent":0,"menu_order":0,"comment_status":"closed","ping_status":"closed","template":"","meta":{"footnotes":""},"class_list":["post-207","page","type-page","status-publish","hentry"],"_links":{"self":[{"href":"https:\/\/ayssocorp.com\/index.php\/wp-json\/wp\/v2\/pages\/207"}],"collection":[{"href":"https:\/\/ayssocorp.com\/index.php\/wp-json\/wp\/v2\/pages"}],"about":[{"href":"https:\/\/ayssocorp.com\/index.php\/wp-json\/wp\/v2\/types\/page"}],"author":[{"embeddable":true,"href":"https:\/\/ayssocorp.com\/index.php\/wp-json\/wp\/v2\/users\/1"}],"replies":[{"embeddable":true,"href":"https:\/\/ayssocorp.com\/index.php\/wp-json\/wp\/v2\/comments?post=207"}],"version-history":[{"count":100,"href":"https:\/\/ayssocorp.com\/index.php\/wp-json\/wp\/v2\/pages\/207\/revisions"}],"predecessor-version":[{"id":1499,"href":"https:\/\/ayssocorp.com\/index.php\/wp-json\/wp\/v2\/pages\/207\/revisions\/1499"}],"wp:attachment":[{"href":"https:\/\/ayssocorp.com\/index.php\/wp-json\/wp\/v2\/media?parent=207"}],"curies":[{"name":"wp","href":"https:\/\/api.w.org\/{rel}","templated":true}]}}