{"id":1191,"date":"2024-09-26T09:20:06","date_gmt":"2024-09-26T12:20:06","guid":{"rendered":"https:\/\/ayssocorp.com\/index.php\/txai-copy\/"},"modified":"2024-10-15T10:04:38","modified_gmt":"2024-10-15T13:04:38","slug":"tatu-do-bem","status":"publish","type":"page","link":"https:\/\/ayssocorp.com\/index.php\/tatu-do-bem\/","title":{"rendered":"Tatu do Bem"},"content":{"rendered":"\t\t<div data-elementor-type=\"wp-page\" data-elementor-id=\"1191\" class=\"elementor elementor-1191\" data-elementor-post-type=\"page\">\n\t\t\t\t<div class=\"elementor-element elementor-element-b7f8072 e-flex e-con-boxed e-con e-parent\" data-id=\"b7f8072\" data-element_type=\"container\" data-settings=\"{&quot;background_background&quot;:&quot;classic&quot;}\">\n\t\t\t\t\t<div class=\"e-con-inner\">\n\t\t\t\t<div class=\"elementor-element elementor-element-ed6dd40 elementor-widget elementor-widget-heading\" data-id=\"ed6dd40\" data-element_type=\"widget\" data-widget_type=\"heading.default\">\n\t\t\t\t<div class=\"elementor-widget-container\">\n\t\t\t\t\t<h2 class=\"elementor-heading-title elementor-size-default\">Add Your Heading Text Here<\/h2>\t\t\t\t<\/div>\n\t\t\t\t<\/div>\n\t\t\t\t\t<\/div>\n\t\t\t\t<\/div>\n\t\t<div class=\"elementor-element elementor-element-6640311 e-con-full e-flex e-con e-parent\" data-id=\"6640311\" data-element_type=\"container\">\n\t\t<div class=\"elementor-element elementor-element-37725b1 e-con-full e-flex e-con e-child\" data-id=\"37725b1\" data-element_type=\"container\">\n\t\t<div class=\"elementor-element elementor-element-065ac2a e-con-full e-flex e-con e-child\" data-id=\"065ac2a\" data-element_type=\"container\">\n\t\t<div class=\"elementor-element elementor-element-d65c63c e-con-full e-flex e-con e-child\" data-id=\"d65c63c\" data-element_type=\"container\">\n\t\t\t\t<div class=\"elementor-element elementor-element-f622b24 elementor-widget-mobile__width-inherit elementor-widget elementor-widget-image\" data-id=\"f622b24\" data-element_type=\"widget\" data-widget_type=\"image.default\">\n\t\t\t\t<div class=\"elementor-widget-container\">\n\t\t\t\t\t\t\t\t\t\t\t\t\t\t\t<img fetchpriority=\"high\" decoding=\"async\" width=\"816\" height=\"1180\" src=\"https:\/\/ayssocorp.com\/wp-content\/uploads\/2024\/06\/poster-tatu-do-bem-min.jpg\" class=\"attachment-full size-full wp-image-247\" alt=\"\" srcset=\"https:\/\/ayssocorp.com\/wp-content\/uploads\/2024\/06\/poster-tatu-do-bem-min.jpg 816w, https:\/\/ayssocorp.com\/wp-content\/uploads\/2024\/06\/poster-tatu-do-bem-min-207x300.jpg 207w, https:\/\/ayssocorp.com\/wp-content\/uploads\/2024\/06\/poster-tatu-do-bem-min-708x1024.jpg 708w, https:\/\/ayssocorp.com\/wp-content\/uploads\/2024\/06\/poster-tatu-do-bem-min-768x1111.jpg 768w\" sizes=\"(max-width: 816px) 100vw, 816px\" \/>\t\t\t\t\t\t\t\t\t\t\t\t\t\t\t<\/div>\n\t\t\t\t<\/div>\n\t\t\t\t<\/div>\n\t\t<div class=\"elementor-element elementor-element-30b4ae2 e-con-full e-flex e-con e-child\" data-id=\"30b4ae2\" data-element_type=\"container\" data-settings=\"{&quot;background_background&quot;:&quot;classic&quot;}\">\n\t\t\t\t<div class=\"elementor-element elementor-element-8ba5541 card scroll-right elementor-widget__width-initial elementor-widget elementor-widget-image-box\" data-id=\"8ba5541\" data-element_type=\"widget\" data-widget_type=\"image-box.default\">\n\t\t\t\t<div class=\"elementor-widget-container\">\n\t\t\t\t\t<div class=\"elementor-image-box-wrapper\"><div class=\"elementor-image-box-content\"><h3 class=\"elementor-image-box-title\">Tatu do Bem<\/h3><p class=\"elementor-image-box-description\"><b>Sinopse:<\/b>\nAo descobrir t\u00faneis m\u00e1gicos que ligam os ecossistemas brasileiros, um simp\u00e1tico tatuzinho autista e sua turma partem para aventuras pelo pa\u00eds, fazendo o bem e defendendo a natureza. Esta linda anima\u00e7\u00e3o nos leva a viajar por um mundo l\u00fadico e \u00fanico, onde a diversidade, o respeito \u00e0s diferen\u00e7as e o que temos de melhor \u2014 nossa identidade \u2014 s\u00e3o retratados em uma grande aventura de amizade e amor \u00e0 natureza.\n\n<br><b><br>G\u00eanero: <\/b>Anima\u00e7\u00e3o, infantil\n\n \n<br><br><b>Est\u00e1gio:\n<\/b> Pr\u00e9-produ\u00e7\u00e3o \n<\/p><\/div><\/div>\t\t\t\t<\/div>\n\t\t\t\t<\/div>\n\t\t\t\t<\/div>\n\t\t\t\t<\/div>\n\t\t\t\t<\/div>\n\t\t\t\t<\/div>\n\t\t<div class=\"elementor-element elementor-element-682975a e-flex e-con-boxed e-con e-parent\" data-id=\"682975a\" data-element_type=\"container\">\n\t\t\t\t\t<div class=\"e-con-inner\">\n\t\t\t\t<div class=\"elementor-element elementor-element-a129645 card scroll-right elementor-widget__width-initial elementor-widget elementor-widget-image-box\" data-id=\"a129645\" data-element_type=\"widget\" data-widget_type=\"image-box.default\">\n\t\t\t\t<div class=\"elementor-widget-container\">\n\t\t\t\t\t<div class=\"elementor-image-box-wrapper\"><div class=\"elementor-image-box-content\"><h3 class=\"elementor-image-box-title\">Tatu do Bem<\/h3><p class=\"elementor-image-box-description\"><b>Sinopse:<\/b>\nAo descobrir t\u00faneis m\u00e1gicos que ligam os ecossistemas brasileiros, um simp\u00e1tico tatuzinho autista e sua turma partem para aventuras pelo pa\u00eds, fazendo o bem e defendendo a natureza. Esta linda anima\u00e7\u00e3o nos leva a viajar por um mundo l\u00fadico e \u00fanico, onde a diversidade, o respeito \u00e0s diferen\u00e7as e o que temos de melhor \u2014 nossa identidade \u2014 s\u00e3o retratados em uma grande aventura de amizade e amor \u00e0 natureza.\n\n<br><b><br>G\u00eanero: <\/b>Anima\u00e7\u00e3o, infantil\n\n \n<br><br><b>Est\u00e1gio:\n<\/b> Pr\u00e9-produ\u00e7\u00e3o \n<\/p><\/div><\/div>\t\t\t\t<\/div>\n\t\t\t\t<\/div>\n\t\t\t\t<div class=\"elementor-element elementor-element-71f1c26 elementor-widget elementor-widget-image\" data-id=\"71f1c26\" data-element_type=\"widget\" data-widget_type=\"image.default\">\n\t\t\t\t<div class=\"elementor-widget-container\">\n\t\t\t\t\t\t\t\t\t\t\t\t\t\t\t<img decoding=\"async\" width=\"2560\" height=\"840\" src=\"https:\/\/ayssocorp.com\/wp-content\/uploads\/2024\/06\/Site_Aysso_21_20-min-e1717301916837.jpg\" class=\"attachment-full size-full wp-image-282\" alt=\"\" srcset=\"https:\/\/ayssocorp.com\/wp-content\/uploads\/2024\/06\/Site_Aysso_21_20-min-e1717301916837.jpg 2560w, https:\/\/ayssocorp.com\/wp-content\/uploads\/2024\/06\/Site_Aysso_21_20-min-e1717301916837-300x98.jpg 300w, https:\/\/ayssocorp.com\/wp-content\/uploads\/2024\/06\/Site_Aysso_21_20-min-e1717301916837-1024x336.jpg 1024w, https:\/\/ayssocorp.com\/wp-content\/uploads\/2024\/06\/Site_Aysso_21_20-min-e1717301916837-768x252.jpg 768w, https:\/\/ayssocorp.com\/wp-content\/uploads\/2024\/06\/Site_Aysso_21_20-min-e1717301916837-1536x504.jpg 1536w, https:\/\/ayssocorp.com\/wp-content\/uploads\/2024\/06\/Site_Aysso_21_20-min-e1717301916837-2048x672.jpg 2048w\" sizes=\"(max-width: 2560px) 100vw, 2560px\" \/>\t\t\t\t\t\t\t\t\t\t\t\t\t\t\t<\/div>\n\t\t\t\t<\/div>\n\t\t\t\t\t<\/div>\n\t\t\t\t<\/div>\n\t\t<div class=\"elementor-element elementor-element-39662b2 e-flex e-con-boxed e-con e-parent\" data-id=\"39662b2\" data-element_type=\"container\">\n\t\t\t\t\t<div class=\"e-con-inner\">\n\t\t\t\t<div class=\"elementor-element elementor-element-5eec09b elementor-mobile-align-center elementor-align-center elementor-widget elementor-widget-button\" data-id=\"5eec09b\" data-element_type=\"widget\" data-widget_type=\"button.default\">\n\t\t\t\t<div class=\"elementor-widget-container\">\n\t\t\t\t\t\t\t\t\t<div class=\"elementor-button-wrapper\">\n\t\t\t\t\t<a class=\"elementor-button elementor-button-link elementor-size-sm\" href=\"https:\/\/ayssocorp.com\/index.php\/producoes\/\">\n\t\t\t\t\t\t<span class=\"elementor-button-content-wrapper\">\n\t\t\t\t\t\t<span class=\"elementor-button-icon\">\n\t\t\t\t<svg aria-hidden=\"true\" class=\"e-font-icon-svg e-fas-arrow-alt-circle-left\" viewBox=\"0 0 512 512\" xmlns=\"http:\/\/www.w3.org\/2000\/svg\"><path d=\"M256 504C119 504 8 393 8 256S119 8 256 8s248 111 248 248-111 248-248 248zm116-292H256v-70.9c0-10.7-13-16.1-20.5-8.5L121.2 247.5c-4.7 4.7-4.7 12.2 0 16.9l114.3 114.9c7.6 7.6 20.5 2.2 20.5-8.5V300h116c6.6 0 12-5.4 12-12v-64c0-6.6-5.4-12-12-12z\"><\/path><\/svg>\t\t\t<\/span>\n\t\t\t\t\t\t\t\t\t<span class=\"elementor-button-text\">VOLTAR PARA PRODU\u00c7\u00d5ES<\/span>\n\t\t\t\t\t<\/span>\n\t\t\t\t\t<\/a>\n\t\t\t\t<\/div>\n\t\t\t\t\t\t\t\t<\/div>\n\t\t\t\t<\/div>\n\t\t\t\t\t<\/div>\n\t\t\t\t<\/div>\n\t\t\t\t<\/div>\n\t\t","protected":false},"excerpt":{"rendered":"<p>Add Your Heading Text Here Tatu do Bem Sinopse: Ao descobrir t\u00faneis m\u00e1gicos que ligam os ecossistemas brasileiros, um simp\u00e1tico tatuzinho autista e sua turma partem para aventuras pelo pa\u00eds, fazendo o bem e defendendo a natureza. Esta linda anima\u00e7\u00e3o nos leva a viajar por um mundo l\u00fadico e \u00fanico, onde a diversidade, o respeito [&hellip;]<\/p>\n","protected":false},"author":1,"featured_media":0,"parent":0,"menu_order":0,"comment_status":"closed","ping_status":"closed","template":"","meta":{"footnotes":""},"class_list":["post-1191","page","type-page","status-publish","hentry"],"_links":{"self":[{"href":"https:\/\/ayssocorp.com\/index.php\/wp-json\/wp\/v2\/pages\/1191"}],"collection":[{"href":"https:\/\/ayssocorp.com\/index.php\/wp-json\/wp\/v2\/pages"}],"about":[{"href":"https:\/\/ayssocorp.com\/index.php\/wp-json\/wp\/v2\/types\/page"}],"author":[{"embeddable":true,"href":"https:\/\/ayssocorp.com\/index.php\/wp-json\/wp\/v2\/users\/1"}],"replies":[{"embeddable":true,"href":"https:\/\/ayssocorp.com\/index.php\/wp-json\/wp\/v2\/comments?post=1191"}],"version-history":[{"count":22,"href":"https:\/\/ayssocorp.com\/index.php\/wp-json\/wp\/v2\/pages\/1191\/revisions"}],"predecessor-version":[{"id":1517,"href":"https:\/\/ayssocorp.com\/index.php\/wp-json\/wp\/v2\/pages\/1191\/revisions\/1517"}],"wp:attachment":[{"href":"https:\/\/ayssocorp.com\/index.php\/wp-json\/wp\/v2\/media?parent=1191"}],"curies":[{"name":"wp","href":"https:\/\/api.w.org\/{rel}","templated":true}]}}