{"id":1163,"date":"2024-09-26T09:08:23","date_gmt":"2024-09-26T12:08:23","guid":{"rendered":"https:\/\/ayssocorp.com\/index.php\/luzia-copy\/"},"modified":"2024-10-15T10:03:34","modified_gmt":"2024-10-15T13:03:34","slug":"de-magia-danca-e-pes","status":"publish","type":"page","link":"https:\/\/ayssocorp.com\/index.php\/de-magia-danca-e-pes\/","title":{"rendered":"De magia, dan\u00e7a e p\u00e9s"},"content":{"rendered":"\t\t<div data-elementor-type=\"wp-page\" data-elementor-id=\"1163\" class=\"elementor elementor-1163\" data-elementor-post-type=\"page\">\n\t\t\t\t<div class=\"elementor-element elementor-element-b7f8072 e-flex e-con-boxed e-con e-parent\" data-id=\"b7f8072\" data-element_type=\"container\" data-settings=\"{&quot;background_background&quot;:&quot;classic&quot;}\">\n\t\t\t\t\t<div class=\"e-con-inner\">\n\t\t\t\t<div class=\"elementor-element elementor-element-ed6dd40 elementor-widget elementor-widget-heading\" data-id=\"ed6dd40\" data-element_type=\"widget\" data-widget_type=\"heading.default\">\n\t\t\t\t<div class=\"elementor-widget-container\">\n\t\t\t\t\t<h2 class=\"elementor-heading-title elementor-size-default\">Add Your Heading Text Here<\/h2>\t\t\t\t<\/div>\n\t\t\t\t<\/div>\n\t\t\t\t\t<\/div>\n\t\t\t\t<\/div>\n\t\t<div class=\"elementor-element elementor-element-6640311 e-con-full e-flex e-con e-parent\" data-id=\"6640311\" data-element_type=\"container\" data-settings=\"{&quot;background_background&quot;:&quot;classic&quot;}\">\n\t\t<div class=\"elementor-element elementor-element-37725b1 e-con-full e-flex e-con e-child\" data-id=\"37725b1\" data-element_type=\"container\">\n\t\t<div class=\"elementor-element elementor-element-065ac2a e-con-full e-flex e-con e-child\" data-id=\"065ac2a\" data-element_type=\"container\">\n\t\t<div class=\"elementor-element elementor-element-d65c63c e-con-full e-flex e-con e-child\" data-id=\"d65c63c\" data-element_type=\"container\">\n\t\t\t\t<div class=\"elementor-element elementor-element-f622b24 elementor-widget-mobile__width-inherit elementor-widget elementor-widget-image\" data-id=\"f622b24\" data-element_type=\"widget\" data-widget_type=\"image.default\">\n\t\t\t\t<div class=\"elementor-widget-container\">\n\t\t\t\t\t\t\t\t\t\t\t\t\t\t\t<img fetchpriority=\"high\" decoding=\"async\" width=\"838\" height=\"1182\" src=\"https:\/\/ayssocorp.com\/wp-content\/uploads\/2024\/06\/05-Aysso-Poster-DE-MAGIA-DANCA-E-PES-Designer-Tiago-Maia-copia-min.jpg\" class=\"attachment-full size-full wp-image-251\" alt=\"\" srcset=\"https:\/\/ayssocorp.com\/wp-content\/uploads\/2024\/06\/05-Aysso-Poster-DE-MAGIA-DANCA-E-PES-Designer-Tiago-Maia-copia-min.jpg 838w, https:\/\/ayssocorp.com\/wp-content\/uploads\/2024\/06\/05-Aysso-Poster-DE-MAGIA-DANCA-E-PES-Designer-Tiago-Maia-copia-min-213x300.jpg 213w, https:\/\/ayssocorp.com\/wp-content\/uploads\/2024\/06\/05-Aysso-Poster-DE-MAGIA-DANCA-E-PES-Designer-Tiago-Maia-copia-min-726x1024.jpg 726w, https:\/\/ayssocorp.com\/wp-content\/uploads\/2024\/06\/05-Aysso-Poster-DE-MAGIA-DANCA-E-PES-Designer-Tiago-Maia-copia-min-768x1083.jpg 768w\" sizes=\"(max-width: 838px) 100vw, 838px\" \/>\t\t\t\t\t\t\t\t\t\t\t\t\t\t\t<\/div>\n\t\t\t\t<\/div>\n\t\t\t\t<\/div>\n\t\t<div class=\"elementor-element elementor-element-30b4ae2 e-con-full e-flex e-con e-child\" data-id=\"30b4ae2\" data-element_type=\"container\" data-settings=\"{&quot;background_background&quot;:&quot;classic&quot;}\">\n\t\t\t\t<div class=\"elementor-element elementor-element-8ba5541 card scroll-right elementor-widget__width-initial elementor-widget elementor-widget-image-box\" data-id=\"8ba5541\" data-element_type=\"widget\" data-widget_type=\"image-box.default\">\n\t\t\t\t<div class=\"elementor-widget-container\">\n\t\t\t\t\t<div class=\"elementor-image-box-wrapper\"><div class=\"elementor-image-box-content\"><h3 class=\"elementor-image-box-title\">De magia, dan\u00e7a e p\u00e9s<\/h3><p class=\"elementor-image-box-description\"><B>Sinopse:<\/B>\nDurante um festival de m\u00fasica folcl\u00f3rica mundial que ocorre em Reg\u00eancia, uma cidade do interior de Minas Gerais, Pedrinho, um jovem autista, cria seus pr\u00f3prios instrumentos com materiais reciclados, produzindo uma m\u00fasica \u00fanica e pulsante. Ap\u00f3s ser expulso da bandinha da cidade por sua condi\u00e7\u00e3o de autista, ele decide formar seu pr\u00f3prio grupo musical. A partir da\u00ed, somos envolvidos em uma jornada de fantasias e esperan\u00e7as, lutas e conquistas, batalhas e derrotas, vit\u00f3rias e paix\u00f5es. Queremos v\u00ea-lo atingir seus desejos mais imposs\u00edveis e, assim, acreditar que um mundo melhor, mais justo e, principalmente, mais feliz, est\u00e1 ao nosso alcance. Basta, para isso, sonhar e ir atr\u00e1s.\n\n\n<br><B><BR>G\u00eanero: <\/B>Drama,aventura, fam\u00edlia\n\n \n<br><BR><B>Est\u00e1gio:\n<\/B> Pr\u00e9-produ\u00e7\u00e3o \n<\/p><\/div><\/div>\t\t\t\t<\/div>\n\t\t\t\t<\/div>\n\t\t\t\t<\/div>\n\t\t\t\t<\/div>\n\t\t\t\t<\/div>\n\t\t\t\t<\/div>\n\t\t<div class=\"elementor-element elementor-element-682975a e-flex e-con-boxed e-con e-parent\" data-id=\"682975a\" data-element_type=\"container\">\n\t\t\t\t\t<div class=\"e-con-inner\">\n\t\t\t\t<div class=\"elementor-element elementor-element-a129645 card scroll-right elementor-widget__width-initial elementor-widget elementor-widget-image-box\" data-id=\"a129645\" data-element_type=\"widget\" data-widget_type=\"image-box.default\">\n\t\t\t\t<div class=\"elementor-widget-container\">\n\t\t\t\t\t<div class=\"elementor-image-box-wrapper\"><div class=\"elementor-image-box-content\"><h3 class=\"elementor-image-box-title\">De magia, dan\u00e7a e p\u00e9s<\/h3><p class=\"elementor-image-box-description\"><B>Sinopse:<\/B>\nDurante um festival de m\u00fasica folcl\u00f3rica mundial que ocorre em Reg\u00eancia, uma cidade do interior de Minas Gerais, Pedrinho, um jovem autista, cria seus pr\u00f3prios instrumentos com materiais reciclados, produzindo uma m\u00fasica \u00fanica e pulsante. Ap\u00f3s ser expulso da bandinha da cidade por sua condi\u00e7\u00e3o de autista, ele decide formar seu pr\u00f3prio grupo musical. A partir da\u00ed, somos envolvidos em uma jornada de fantasias e esperan\u00e7as, lutas e conquistas, batalhas e derrotas, vit\u00f3rias e paix\u00f5es. Queremos v\u00ea-lo atingir seus desejos mais imposs\u00edveis e, assim, acreditar que um mundo melhor, mais justo e, principalmente, mais feliz, est\u00e1 ao nosso alcance. Basta, para isso, sonhar e ir atr\u00e1s.\n\n\n<br><B><BR>G\u00eanero: <\/B>Drama,aventura, fam\u00edlia\n\n \n<br><BR><B>Est\u00e1gio:\n<\/B> Pr\u00e9-produ\u00e7\u00e3o \n<\/p><\/div><\/div>\t\t\t\t<\/div>\n\t\t\t\t<\/div>\n\t\t\t\t<div class=\"elementor-element elementor-element-71f1c26 elementor-widget elementor-widget-image\" data-id=\"71f1c26\" data-element_type=\"widget\" data-widget_type=\"image.default\">\n\t\t\t\t<div class=\"elementor-widget-container\">\n\t\t\t\t\t\t\t\t\t\t\t\t\t\t\t<img decoding=\"async\" width=\"2560\" height=\"840\" src=\"https:\/\/ayssocorp.com\/wp-content\/uploads\/2024\/06\/Site_Aysso_21_20-min-e1717301916837.jpg\" class=\"attachment-full size-full wp-image-282\" alt=\"\" srcset=\"https:\/\/ayssocorp.com\/wp-content\/uploads\/2024\/06\/Site_Aysso_21_20-min-e1717301916837.jpg 2560w, https:\/\/ayssocorp.com\/wp-content\/uploads\/2024\/06\/Site_Aysso_21_20-min-e1717301916837-300x98.jpg 300w, https:\/\/ayssocorp.com\/wp-content\/uploads\/2024\/06\/Site_Aysso_21_20-min-e1717301916837-1024x336.jpg 1024w, https:\/\/ayssocorp.com\/wp-content\/uploads\/2024\/06\/Site_Aysso_21_20-min-e1717301916837-768x252.jpg 768w, https:\/\/ayssocorp.com\/wp-content\/uploads\/2024\/06\/Site_Aysso_21_20-min-e1717301916837-1536x504.jpg 1536w, https:\/\/ayssocorp.com\/wp-content\/uploads\/2024\/06\/Site_Aysso_21_20-min-e1717301916837-2048x672.jpg 2048w\" sizes=\"(max-width: 2560px) 100vw, 2560px\" \/>\t\t\t\t\t\t\t\t\t\t\t\t\t\t\t<\/div>\n\t\t\t\t<\/div>\n\t\t\t\t\t<\/div>\n\t\t\t\t<\/div>\n\t\t<div class=\"elementor-element elementor-element-39662b2 e-flex e-con-boxed e-con e-parent\" data-id=\"39662b2\" data-element_type=\"container\">\n\t\t\t\t\t<div class=\"e-con-inner\">\n\t\t\t\t<div class=\"elementor-element elementor-element-5eec09b elementor-mobile-align-center elementor-align-center elementor-widget elementor-widget-button\" data-id=\"5eec09b\" data-element_type=\"widget\" data-widget_type=\"button.default\">\n\t\t\t\t<div class=\"elementor-widget-container\">\n\t\t\t\t\t\t\t\t\t<div class=\"elementor-button-wrapper\">\n\t\t\t\t\t<a class=\"elementor-button elementor-button-link elementor-size-sm\" href=\"https:\/\/ayssocorp.com\/index.php\/producoes\/\">\n\t\t\t\t\t\t<span class=\"elementor-button-content-wrapper\">\n\t\t\t\t\t\t<span class=\"elementor-button-icon\">\n\t\t\t\t<svg aria-hidden=\"true\" class=\"e-font-icon-svg e-fas-arrow-alt-circle-left\" viewBox=\"0 0 512 512\" xmlns=\"http:\/\/www.w3.org\/2000\/svg\"><path d=\"M256 504C119 504 8 393 8 256S119 8 256 8s248 111 248 248-111 248-248 248zm116-292H256v-70.9c0-10.7-13-16.1-20.5-8.5L121.2 247.5c-4.7 4.7-4.7 12.2 0 16.9l114.3 114.9c7.6 7.6 20.5 2.2 20.5-8.5V300h116c6.6 0 12-5.4 12-12v-64c0-6.6-5.4-12-12-12z\"><\/path><\/svg>\t\t\t<\/span>\n\t\t\t\t\t\t\t\t\t<span class=\"elementor-button-text\">VOLTAR PARA PRODU\u00c7\u00d5ES<\/span>\n\t\t\t\t\t<\/span>\n\t\t\t\t\t<\/a>\n\t\t\t\t<\/div>\n\t\t\t\t\t\t\t\t<\/div>\n\t\t\t\t<\/div>\n\t\t\t\t\t<\/div>\n\t\t\t\t<\/div>\n\t\t\t\t<\/div>\n\t\t","protected":false},"excerpt":{"rendered":"<p>Add Your Heading Text Here De magia, dan\u00e7a e p\u00e9s Sinopse: Durante um festival de m\u00fasica folcl\u00f3rica mundial que ocorre em Reg\u00eancia, uma cidade do interior de Minas Gerais, Pedrinho, um jovem autista, cria seus pr\u00f3prios instrumentos com materiais reciclados, produzindo uma m\u00fasica \u00fanica e pulsante. Ap\u00f3s ser expulso da bandinha da cidade por sua [&hellip;]<\/p>\n","protected":false},"author":1,"featured_media":0,"parent":0,"menu_order":0,"comment_status":"closed","ping_status":"closed","template":"","meta":{"footnotes":""},"class_list":["post-1163","page","type-page","status-publish","hentry"],"_links":{"self":[{"href":"https:\/\/ayssocorp.com\/index.php\/wp-json\/wp\/v2\/pages\/1163"}],"collection":[{"href":"https:\/\/ayssocorp.com\/index.php\/wp-json\/wp\/v2\/pages"}],"about":[{"href":"https:\/\/ayssocorp.com\/index.php\/wp-json\/wp\/v2\/types\/page"}],"author":[{"embeddable":true,"href":"https:\/\/ayssocorp.com\/index.php\/wp-json\/wp\/v2\/users\/1"}],"replies":[{"embeddable":true,"href":"https:\/\/ayssocorp.com\/index.php\/wp-json\/wp\/v2\/comments?post=1163"}],"version-history":[{"count":31,"href":"https:\/\/ayssocorp.com\/index.php\/wp-json\/wp\/v2\/pages\/1163\/revisions"}],"predecessor-version":[{"id":1508,"href":"https:\/\/ayssocorp.com\/index.php\/wp-json\/wp\/v2\/pages\/1163\/revisions\/1508"}],"wp:attachment":[{"href":"https:\/\/ayssocorp.com\/index.php\/wp-json\/wp\/v2\/media?parent=1163"}],"curies":[{"name":"wp","href":"https:\/\/api.w.org\/{rel}","templated":true}]}}